{"id":859,"date":"2025-08-17T21:55:27","date_gmt":"2025-08-17T19:55:27","guid":{"rendered":"https:\/\/www.ldm-secretariat.fr\/?page_id=859"},"modified":"2025-08-17T22:41:39","modified_gmt":"2025-08-17T20:41:39","slug":"859-2","status":"publish","type":"page","link":"https:\/\/www.ldm-secretariat.fr\/index.php\/859-2\/","title":{"rendered":""},"content":{"rendered":"\n<div id=\"wp-block-themeisle-blocks-tabs-30573a00\" class=\"wp-block-themeisle-blocks-tabs has-light-bg\"><div class=\"wp-block-themeisle-blocks-tabs__content\">\n<div data-title=\"<em&gt;<strong&gt;Mention l\u00e9gales<\/strong&gt;<\/em&gt;\" class=\"wp-block-themeisle-blocks-tabs-item\"><div class=\"wp-block-themeisle-blocks-tabs-item__header\" tabindex=\"0\"><em><strong>Mention l\u00e9gales<\/strong><\/em><\/div><div class=\"wp-block-themeisle-blocks-tabs-item__content\">\n<p class=\"has-custom-color-1-color has-text-color has-link-color has-artifika-font-family wp-elements-cfb5cf44091b0799fe0ff55144ffd967\">Conform\u00e9ment aux dispositions l\u00e9gales, il est port\u00e9 \u00e0 la connaissance des utilisateurs du site ldm-secretariat.fr les pr\u00e9sentes mentions l\u00e9gales et conditions g\u00e9n\u00e9rales de vente.<\/p>\n\n\n\n<p class=\"has-custom-color-1-color has-text-color has-link-color has-artifika-font-family wp-elements-369479ac0719d324910439cb72bbc66a\"><em><strong>Article 1 \u2013 L\u2019\u00e9diteur<\/strong><\/em><\/p>\n\n\n\n<p class=\"has-custom-color-1-color has-text-color has-link-color has-artifika-font-family wp-elements-11cdc2e050839aab16d5b0de4ce255a3\">L\u2019\u00e9dition et la direction de la publication du site <a href=\"https:\/\/www.ldm-secretariat.fr\">www.ldm-secretariat.fr<\/a> sont assur\u00e9es par Madame Laura DESCLOS MASSIAS, domicili\u00e9e 61 Grande Rue \u2013 27160 LE LESME, et dont les coordonn\u00e9es t\u00e9l\u00e9phoniques et mail sont les suivantes&nbsp;: 07 45 25 31 52 \u2013 <a href=\"mailto:contact@ldm-secretariat.fr\">contact@ldm-secretariat.fr<\/a><\/p>\n\n\n\n<p class=\"has-custom-color-1-color has-text-color has-link-color has-artifika-font-family wp-elements-5f20a2790d125b41e618b41995d8d1ac\">Madame DESCLOS MASSIAS est inscrite au r\u00e9pertoire national des entreprises sous le num\u00e9ro 98050246200016. Son num\u00e9ro de TVA est le FR52980502462.<\/p>\n\n\n\n<p class=\"has-custom-color-1-color has-text-color has-link-color has-artifika-font-family wp-elements-9516b83584146d7aeb9526ca33637f4e\"><em><strong>Article 2 \u2013 L\u2019h\u00e9bergeur<\/strong><\/em><\/p>\n\n\n\n<p class=\"has-custom-color-1-color has-text-color has-link-color has-artifika-font-family wp-elements-6646c4e35082090c2e2414d0e6683a42\">Le site <a href=\"https:\/\/www.ldm-secretariat.fr\">www.ldm-secretariat.fr<\/a> est h\u00e9berg\u00e9 par la Soci\u00e9t\u00e9 OVH, SAS au capital de 50 000 000 \u20ac.<\/p>\n\n\n\n<p class=\"has-custom-color-1-color has-text-color has-link-color has-artifika-font-family wp-elements-27ba6d5e5ffc714adbc9b6644e5a58a4\">RCS Lille M\u00e9tropole 424 761 419 00045<\/p>\n\n\n\n<p class=\"has-custom-color-1-color has-text-color has-link-color has-artifika-font-family wp-elements-294268e778c0d09e087d85449fdffa42\">Code APE 2620Z<\/p>\n\n\n\n<p class=\"has-custom-color-1-color has-text-color has-link-color has-artifika-font-family wp-elements-45338f776c617d67d362c79ff8b71a17\">N\u00b0 TVA : FR 22 424 761 419<\/p>\n\n\n\n<p class=\"has-custom-color-1-color has-text-color has-link-color has-artifika-font-family wp-elements-8c08aa18f3039e857d16ad4a0a5ec540\">Si\u00e8ge social : 2 rue Kellermann &#8211; 59100 Roubaix \u2013 France<\/p>\n<\/div><\/div>\n\n\n\n<div data-title=\"<em&gt;<strong&gt;Conditions g\u00e9n\u00e9rales de vente<\/strong&gt;<\/em&gt;<strong&gt;<em&gt; de prestations de services<\/em&gt;<\/strong&gt;\" class=\"wp-block-themeisle-blocks-tabs-item\"><div class=\"wp-block-themeisle-blocks-tabs-item__header\" tabindex=\"0\"><em><strong>Conditions g\u00e9n\u00e9rales de vente<\/strong><\/em><strong><em> de prestations de services<\/em><\/strong><\/div><div class=\"wp-block-themeisle-blocks-tabs-item__content\">\n<h2 class=\"wp-block-heading has-custom-color-1-color has-text-color has-link-color has-medium-font-size wp-elements-f36d31bc213b1cd22e7efba57de9784d\"><strong><em>A propos<\/em><\/strong><\/h2>\n\n\n\n<p class=\"has-custom-color-1-color has-text-color has-link-color has-artifika-font-family wp-elements-0194896142f35d69a077f39f185d6d84\">DESCLOS MASSIAS LAURA (ci-apr\u00e8s d\u00e9sign\u00e9e sous son nom commercial, LDM Secr\u00e9tariat, ou \u00ab&nbsp;le Prestataire&nbsp;\u00bb) est une entreprise individuelle, immatricul\u00e9e au R\u00e9pertoire National des Entreprises sous le num\u00e9ro 980502462, dont le si\u00e8ge social est sis 61 Grande Rue \u2013 27160 LE LESME.<\/p>\n\n\n\n<h2 class=\"wp-block-heading has-custom-color-1-color has-text-color has-link-color has-medium-font-size wp-elements-4b690afa73069b97bf561e2ee9211277\"><strong><em>Pr\u00e9ambule<\/em><\/strong><\/h2>\n\n\n\n<p class=\"has-custom-color-1-color has-text-color has-link-color has-artifika-font-family has-small-font-size wp-elements-6e7693e21e2df5f3b3bfc96183360342\">Les pr\u00e9sentes Conditions g\u00e9n\u00e9rales de vente (ci-apr\u00e8s d\u00e9sign\u00e9es \u00ab&nbsp;CGV&nbsp;\u00bb) de prestations de services constituent la base de la relation commerciale entre LDM Secr\u00e9tariat et le Client conform\u00e9ment \u00e0 l\u2019article L 441-1 du Code de Commerce.<\/p>\n\n\n\n<p class=\"has-custom-color-1-color has-text-color has-link-color has-artifika-font-family wp-elements-64f5f9297d0ddcb5b1b4bf47b37f4d0a\">Elles ont pour but de d\u00e9finir les droits et obligations de l\u2019entreprise individuelle LDM Secr\u00e9tariat et son Client, dans le cadre de ses prestations de secr\u00e9tariat.<\/p>\n\n\n\n<p class=\"has-custom-color-1-color has-text-color has-link-color has-artifika-font-family wp-elements-c2e8d26f712719741eee292084a1abe5\">Conform\u00e9ment \u00e0 la r\u00e9glementation en vigueur, ces CGV sont syst\u00e9matiquement communiqu\u00e9es \u00e0 tout Client qui en fait la demande, pour lui permettre de passer commande aupr\u00e8s de LDM Secr\u00e9tariat.<\/p>\n\n\n\n<p class=\"has-custom-color-1-color has-text-color has-link-color has-artifika-font-family wp-elements-f6d85cce37decf508997effbbe11c41e\">Toute commande de prestation(s) de service(s) implique de la part du Client l\u2019acceptation des pr\u00e9sentes Conditions g\u00e9n\u00e9rales de vente.<\/p>\n\n\n\n<h2 class=\"wp-block-heading has-custom-color-1-color has-text-color has-link-color has-medium-font-size wp-elements-c7c0a0dbcc194ade063ac0829978f20b\"><strong><em>Article 1 \u2013 Commandes et devis<\/em><\/strong><\/h2>\n\n\n\n<p class=\"has-custom-color-1-color has-text-color has-link-color has-artifika-font-family wp-elements-96cee175682773d3c7415a814cc3d446\">Chaque commande sera pr\u00e9c\u00e9d\u00e9e d\u2019un devis \u00e9tabli gratuitement par LDM Secr\u00e9tariat, d\u00e9taillant les prestations \u00e0 effectuer.<\/p>\n\n\n\n<p class=\"has-custom-color-1-color has-text-color has-link-color has-artifika-font-family wp-elements-80901626616a4bfde5d804031ca7293f\">Pour valider d\u00e9finitivement sa commande le Client devra retourner \u00e0 LDM Secr\u00e9tariat, par tout moyen \u00e0 sa meilleure convenance, le devis d\u00fbment dat\u00e9 et sign\u00e9 (avec ajout, le cas \u00e9ch\u00e9ant, du cachet de l\u2019entreprise), portant la mention \u00ab&nbsp;Bon pour accord&nbsp;\u00bb, sans qu\u2019aucune autre modification ne lui soit apport\u00e9e.<\/p>\n\n\n\n<p class=\"has-custom-color-1-color has-text-color has-link-color has-artifika-font-family wp-elements-37cf58d453c3f9091a260f5c81f14e08\">La validation du devis implique l\u2019acceptation int\u00e9grale des pr\u00e9sentes Conditions g\u00e9n\u00e9rales de vente, communiqu\u00e9es simultan\u00e9ment.<\/p>\n\n\n\n<p class=\"has-custom-color-1-color has-text-color has-link-color has-artifika-font-family wp-elements-be835cd5a4eeabb65523ec0748d4bb44\">A d\u00e9faut de validation du devis et d\u2019acceptation des CGV, LDM Secr\u00e9tariat ne sera pas en mesure de r\u00e9aliser les prestations command\u00e9es.<\/p>\n\n\n\n<p class=\"has-custom-color-1-color has-text-color has-link-color has-artifika-font-family wp-elements-d12797b16c44b5928cca15f17c15bc7e\">La prise en compte de la commande par le Prestataire sera confirm\u00e9e par l\u2019envoi d\u2019un mail \u00e0 r\u00e9ception du devis valid\u00e9.<\/p>\n\n\n\n<h2 class=\"wp-block-heading has-custom-color-1-color has-text-color has-link-color has-artifika-font-family has-medium-font-size wp-elements-2008f5a481f457e673545fa7dbe50391\"><em><strong>Article 2 &#8211; Tarifs<\/strong><\/em><\/h2>\n\n\n\n<p class=\"has-custom-color-1-color has-text-color has-link-color has-artifika-font-family wp-elements-119b8c1dd03606b4fd4180d5aea485f4\">Les Prestations sont fournies au tarif en vigueur au jour de la validation de la commande, selon le devis pr\u00e9alablement sign\u00e9.<\/p>\n\n\n\n<p class=\"has-custom-color-1-color has-text-color has-link-color has-artifika-font-family wp-elements-40c874d2250e5e57f6f2c8ff2c7d7c63\">Les tarifs sont exprim\u00e9s en euros.<\/p>\n\n\n\n<p class=\"has-custom-color-1-color has-text-color has-link-color has-artifika-font-family wp-elements-d0b6ee88dd7c05d68cc6d55a16a1483b\">En fonction de la prestation \u00e0 r\u00e9aliser, ils peuvent \u00eatre fix\u00e9s au forfait, \u00e0 l\u2019heure ou \u00e0 l\u2019unit\u00e9.<\/p>\n\n\n\n<p class=\"has-custom-color-1-color has-text-color has-link-color has-artifika-font-family wp-elements-badf3e7e884583e9c47d10459b721eb0\">Les tarifs pr\u00e9sent\u00e9s sur les supports commerciaux de LDM Secr\u00e9tariat sont donn\u00e9s \u00e0 titre indicatif et ne peuvent remplacer un devis personnalis\u00e9.<\/p>\n\n\n\n<p class=\"has-custom-color-1-color has-text-color has-link-color has-artifika-font-family wp-elements-6246d1b329cb6c2cfc13a121e7533985\">Une facture sera \u00e9tablie par le Prestataire et remise au Client apr\u00e8s r\u00e9alisation de la Prestation.<\/p>\n\n\n\n<p class=\"has-custom-color-1-color has-text-color has-link-color has-artifika-font-family wp-elements-10baad784ae04e9a980cf650223fcfd0\">En cas de prestation sur site, des frais de d\u00e9placement seront appliqu\u00e9s, de m\u00eame que d\u2019\u00e9ventuels frais de stationnement.<\/p>\n\n\n\n<p class=\"has-custom-color-1-color has-text-color has-link-color has-artifika-font-family wp-elements-c448e983fd8f27d837cfdd4076629e28\">Le Client pourra b\u00e9n\u00e9ficier de r\u00e9ductions tarifaires, remises ou ristournes selon le volume et\/ou la r\u00e9gularit\u00e9 des Services command\u00e9s.<\/p>\n\n\n\n<p class=\"has-custom-color-1-color has-text-color has-link-color has-artifika-font-family wp-elements-6917d7477a913158687f77dfb52c863f\">En cas de demande d&rsquo;intervention urgente du Client, une majoration tarifaire sera appliqu\u00e9e conform\u00e9ment aux modalit\u00e9s suivantes :<\/p>\n\n\n\n<ul class=\"wp-block-list\">\n<li class=\"has-custom-color-1-color has-text-color has-link-color wp-elements-6b0bb5e6862e4cb2e15b94c70ea71004\">Pour les prestations effectu\u00e9es apr\u00e8s 19h, le samedi ou dans un d\u00e9lai inf\u00e9rieur \u00e0 24 heures : majoration de 20 %.<\/li>\n\n\n\n<li class=\"has-custom-color-1-color has-text-color has-link-color wp-elements-1c1821ea8f7e3e1a368fd81a7baa3043\">Pour les prestations r\u00e9alis\u00e9es le dimanche ou les jours f\u00e9ri\u00e9s : majoration de 40 %.<\/li>\n<\/ul>\n\n\n\n<h2 class=\"wp-block-heading has-custom-color-1-color has-text-color has-link-color has-medium-font-size wp-elements-bbb9ca1ac6b6f5bbf66f482a79925a31\"><em>Article 3 \u2013 Lieu d\u2019intervention<\/em><\/h2>\n\n\n\n<p class=\"has-custom-color-1-color has-text-color has-link-color has-artifika-font-family wp-elements-edb2b0b2b062840a37985ce551450c2c\">Les prestations pr\u00e9vues \u00e0 l\u2019article 1 seront r\u00e9alis\u00e9es, d\u2019un commun accord entre le Client et le Prestataire&nbsp;:<\/p>\n\n\n\n<ul class=\"wp-block-list\">\n<li class=\"has-custom-color-1-color has-text-color has-link-color wp-elements-404920767c68fbd53c1940dffca0fe5e\">A distance, dans les locaux de l\u2019entreprise LDM Secr\u00e9tariat\u00a0;<\/li>\n\n\n\n<li class=\"has-custom-color-1-color has-text-color has-link-color wp-elements-cfef32c9c4b91e58b61f02eb8bc1cd85\">Sur le site du Client.<\/li>\n<\/ul>\n\n\n\n<h2 class=\"wp-block-heading has-custom-color-1-color has-text-color has-link-color has-medium-font-size wp-elements-b66f160eea368a2c55f13252a9050b35\"><em>Article 4 \u2013 R\u00e9alisation des prestations et d\u00e9lais<\/em><\/h2>\n\n\n\n<p class=\"has-custom-color-1-color has-text-color has-link-color has-artifika-font-family wp-elements-40cd0c652820f8eb7958ed895d2e8fe4\">Conform\u00e9ment \u00e0 l\u2019obligation de moyen \u00e0 laquelle elle est soumise, LDM Secr\u00e9tariat s\u2019engage \u00e0 accomplir les prestations command\u00e9es dans les conditions du devis, notamment s\u2019agissant des d\u00e9lais annonc\u00e9s.<\/p>\n\n\n\n<p class=\"has-custom-color-1-color has-text-color has-link-color has-artifika-font-family wp-elements-dc2c03bf014b6740dd70c0e7d5897d60\">Le Client devra fournir \u00e0 LDM Secr\u00e9tariat l\u2019ensemble des informations et \u00e9l\u00e9ments indispensables \u00e0 la r\u00e9alisation de la prestation convenue. Tout retard ou manquement de sa part sera susceptible d\u2019entra\u00eener un report de la date de livraison ou l\u2019annulation de la commande.<\/p>\n\n\n\n<h2 class=\"wp-block-heading has-custom-color-1-color has-text-color has-link-color has-medium-font-size wp-elements-5ceff4a703642fafee95d213cd1cede3\"><em>Article 5 \u2013 Conditions de r\u00e8glement<\/em><\/h2>\n\n\n\n<p class=\"has-custom-color-1-color has-text-color has-link-color has-artifika-font-family wp-elements-5cc2912198873cbc100f2cc35200fc1f\">Le prix est payable au comptant, en totalit\u00e9, au jour de la Fourniture de la ou des Prestations command\u00e9e(s) et de l\u2019envoi de la facture.<\/p>\n\n\n\n<p class=\"has-custom-color-1-color has-text-color has-link-color has-artifika-font-family wp-elements-569817c7e751905892a2ac3489fc0624\">Les modes de paiement suivants peuvent \u00eatre utilis\u00e9s&nbsp;:<\/p>\n\n\n\n<ul class=\"wp-block-list\">\n<li class=\"has-custom-color-1-color has-text-color has-link-color wp-elements-f49f4009eabaaf3ec364962f462aec51\">Virement bancaire\u00a0;<\/li>\n\n\n\n<li class=\"has-custom-color-1-color has-text-color has-link-color wp-elements-71d1f05b7a208c74f16c8cb7c0208f75\">Carte bancaire (paiement Stripe via un lien s\u00e9curis\u00e9 pr\u00e9sent sur la facture).<\/li>\n<\/ul>\n\n\n\n<p class=\"has-custom-color-1-color has-text-color has-link-color has-artifika-font-family wp-elements-e3fbd6ae58cce100a1c337252bb9648e\">Tout retard de paiement \u00e0 30 jours apr\u00e8s la facture entra\u00eenera l\u2019application d\u2019une p\u00e9nalit\u00e9 de retard \u00e9gale au taux d\u2019int\u00e9r\u00eat l\u00e9gal major\u00e9. Une indemnit\u00e9 forfaitaire de 40 \u20ac pour frais de recouvrement sera \u00e9galement due sans qu\u2019une mise en demeure pr\u00e9alable soit n\u00e9cessaire.<\/p>\n\n\n\n<h2 class=\"wp-block-heading has-custom-color-1-color has-text-color has-link-color has-medium-font-size wp-elements-e217998fc91593289ef53591cb669674\"><em>Article 6 &#8211; Confidentialit\u00e9<\/em><\/h2>\n\n\n\n<p class=\"has-custom-color-1-color has-text-color has-link-color has-artifika-font-family wp-elements-ada4c3a1213645ebd0157f761b05062b\">LDM Secr\u00e9tariat applique une politique stricte de confidentialit\u00e9 concernant toutes les informations, documents, donn\u00e9es ou concepts port\u00e9s \u00e0 sa connaissance avant, pendant ou apr\u00e8s sa prestation, ainsi que le contenu des travaux command\u00e9s et r\u00e9alis\u00e9s.<\/p>\n\n\n\n<p class=\"has-custom-color-1-color has-text-color has-link-color has-artifika-font-family wp-elements-4a50ce3ae828fc45d69f267db5d8568b\">La responsabilit\u00e9 de LDM Secr\u00e9tariat ne saurait \u00eatre engag\u00e9e en cas d\u2019interception ou d\u2019utilisation non autoris\u00e9e des informations lors du transfert de donn\u00e9es. Il reviendra donc au Client, au moment de la commande, de pr\u00e9ciser \u00e0 LDM Secr\u00e9tariat les moyens de transfert souhait\u00e9s afin de garantir la confidentialit\u00e9 des informations sensibles.<\/p>\n\n\n\n<h2 class=\"wp-block-heading has-custom-color-1-color has-text-color has-link-color has-artifika-font-family has-medium-font-size wp-elements-1b30f299bfcd583d327b1e72b30dc7c2\"><strong><em>Article 7 \u2013 Responsabilit\u00e9 du Prestataire &#8211; Garantie<\/em><\/strong><\/h2>\n\n\n\n<p class=\"has-custom-color-1-color has-text-color has-link-color has-artifika-font-family wp-elements-43e34fceb04964db101f41c783f7999c\">LDM Secr\u00e9tariat s\u2019engage \u00e0 ex\u00e9cuter ses prestations avec soin et rigueur, selon les r\u00e8gles applicables \u00e0 son secteur.<\/p>\n\n\n\n<p class=\"has-custom-color-1-color has-text-color has-link-color has-artifika-font-family wp-elements-7be0c1c5473a59ffe7915b1ab512f16b\">Le Prestataire s\u2019engage \u00e0 prot\u00e9ger les fichiers et documents confi\u00e9s par le Client lors de la prestation. N\u00e9anmoins, en raison des risques inh\u00e9rents \u00e0 ce type de support, le Client reste responsable d\u2019assurer leur s\u00e9curit\u00e9 et d\u00e9charge en cons\u00e9quence LDM Secr\u00e9tariat de toute responsabilit\u00e9 en cas de dommage ou d\u00e9t\u00e9rioration.<\/p>\n\n\n\n<p class=\"has-custom-color-1-color has-text-color has-link-color has-artifika-font-family wp-elements-8a22b99fcc55dca9e618bc16a1a339e0\">A compter de la remise des documents livr\u00e9s par\u00a0LDM Secr\u00e9tariat, le\u00a0Client\u00a0sera responsable de l\u2019utilisation, de l\u2019exploitation et de la diffusion du contenu qui y est pr\u00e9sent\u00e9. Il d\u00e9charge en cons\u00e9quence\u00a0LDM Secr\u00e9tariat\u00a0de toute responsabilit\u00e9 et la garantit contre tout recours susceptible d\u2019\u00eatre intent\u00e9 \u00e0 son encontre, de ce fait ou en raison de toute perte de b\u00e9n\u00e9fices ou trouble commercial.<\/p>\n\n\n\n<p class=\"has-custom-color-1-color has-text-color has-link-color has-artifika-font-family wp-elements-ea41cf65b3a11c886d3d76b8194c04be\">LDM Secr\u00e9tariat se r\u00e9serve le droit de refuser tous travaux dont les intentions seraient contraires \u00e0 la loi, l\u2019honn\u00eatet\u00e9 ou \u00e0 la morale (pornographie, racisme, incitation \u00e0 la violence\u2026)<\/p>\n\n\n\n<p class=\"has-custom-color-1-color has-text-color has-link-color has-artifika-font-family wp-elements-5b254626f1c060693cc6ea963c3133f6\">Les textes, images et documents confi\u00e9s \u00e0\u00a0LDM Secr\u00e9tariat\u00a0restent la propri\u00e9t\u00e9 du\u00a0Client, qui seul, assume les conditions d\u2019utilisation, notamment en ce qui concerne les droits et la propri\u00e9t\u00e9 intellectuelle.<\/p>\n\n\n\n<p class=\"has-custom-color-1-color has-text-color has-link-color has-artifika-font-family wp-elements-2677c8e514b81247dd115534159f11c1\">LDM Secr\u00e9tariat ne saurait \u00eatre tenue responsable d\u2019une quelconque utilisation frauduleuse.<\/p>\n\n\n\n<p class=\"has-custom-color-1-color has-text-color has-link-color has-artifika-font-family wp-elements-8a4478389284f67cbbdb14e4896fd19c\">La responsabilit\u00e9 de\u00a0LDM Secr\u00e9tariat\u00a0ne pourra pas \u00eatre mise en \u0153uvre si la non-ex\u00e9cution ou le retard dans l\u2019ex\u00e9cution de l\u2019une de ses obligations d\u00e9crites dans les pr\u00e9sentes CGV d\u00e9coule d\u2019un cas de force majeure. \u00c0 ce titre, la\u00a0force majeure\u00a0s\u2019entend de tout \u00e9v\u00e9nement impr\u00e9visible, irr\u00e9sistible et ext\u00e9rieur, au sens de l\u2019article 1148 du Code civil.<\/p>\n\n\n\n<h2 class=\"wp-block-heading has-custom-color-1-color has-text-color has-link-color has-medium-font-size wp-elements-53876ad8b6a96623ba414ebd245d11db\"><strong><em>Article 8 &#8211; Droit applicable et juridiction\u00a0comp\u00e9tente<\/em><\/strong><\/h2>\n\n\n\n<p class=\"has-custom-color-1-color has-text-color has-link-color has-artifika-font-family wp-elements-442aa8b1a5f59c3bd9ddfd5659023623\">Tout litige relatif \u00e0 l\u2019application ou \u00e0 l\u2019interpr\u00e9tation des pr\u00e9sentes CGV est soumis au droit fran\u00e7ais. \u00c0 d\u00e9faut de r\u00e9solution amiable, le litige sera port\u00e9 devant la juridiction comp\u00e9tente.<\/p>\n\n\n\n<h2 class=\"wp-block-heading has-custom-color-1-color has-text-color has-link-color has-medium-font-size wp-elements-3308eecabc0f47b2a94ac2eef976acbc\"><strong><em>Article 9 \u2013 Donn\u00e9es personnelles<\/em><\/strong><\/h2>\n\n\n\n<p class=\"has-custom-color-1-color has-text-color has-link-color has-artifika-font-family wp-elements-49fd10d531d75b648254d193f08d7b07\">Les donn\u00e9es personnelles collect\u00e9es aupr\u00e8s des Clients font l\u2019objet d\u2019un traitement informatique par le Prestataire. Elles sont enregistr\u00e9es dans le fichier Client du Prestataire et sont essentielles au traitement des commandes. Ces informations et donn\u00e9es sont \u00e9galement conserv\u00e9es \u00e0 des fins de s\u00e9curit\u00e9 afin de satisfaire aux obligations l\u00e9gales et r\u00e9glementaires en vigueur. Elles seront retenues pour la dur\u00e9e n\u00e9cessaire \u00e0 l\u2019ex\u00e9cution des commandes et des garanties applicables.<\/p>\n\n\n\n<p class=\"has-custom-color-1-color has-text-color has-link-color has-artifika-font-family wp-elements-690c2706029d8e65c5386d5247e46f85\">Le Prestataire agit en tant que responsable du traitement des donn\u00e9es.<\/p>\n\n\n\n<p class=\"has-custom-color-1-color has-text-color has-link-color has-artifika-font-family wp-elements-5b4fd4ce3c4ab007eb7542e13a6a3fbd\">LDM Secr\u00e9tariat s\u2019engage \u00e0 ne pas vendre, louer, c\u00e9der ou rendre accessibles les donn\u00e9es \u00e0 des tiers sans le consentement pr\u00e9alable du Client, sauf si une obligation l\u00e9gale ou un motif l\u00e9gitime l\u2019y contraint.<\/p>\n\n\n\n<p class=\"has-custom-color-1-color has-text-color has-link-color has-artifika-font-family wp-elements-d47053b16f2f5391dc5d15d842bb7d6a\">En cas de transfert de donn\u00e9es en dehors de l\u2019Union europ\u00e9enne, le Client sera inform\u00e9 et les mesures de s\u00e9curit\u00e9 mises en \u0153uvre lui seront communiqu\u00e9es.<\/p>\n\n\n\n<p class=\"has-custom-color-1-color has-text-color has-link-color has-artifika-font-family wp-elements-c2a641d0e4bf2cdc2071b3a7f276e14d\">Conform\u00e9ment \u00e0 la r\u00e9glementation applicable, le Client dispose d\u2019un droit d\u2019acc\u00e8s, de rectification, d\u2019effacement, et de portabilit\u00e9 concernant ses donn\u00e9es, ainsi que du droit de s\u2019opposer au traitement pour motif l\u00e9gitime. Ces droits peuvent \u00eatre exerc\u00e9s aupr\u00e8s du responsable du traitement \u00e0 l\u2019adresse email suivante : gestion@ldm-secretariat.fr. En cas de r\u00e9clamation, le Client peut saisir la Commission Nationale de l\u2019Informatique et des Libert\u00e9s.<\/p>\n<\/div><\/div>\n<\/div><\/div>\n\n\n\n<div style=\"height:29px\" aria-hidden=\"true\" class=\"wp-block-spacer\"><\/div>\n","protected":false},"excerpt":{"rendered":"","protected":false},"author":1,"featured_media":0,"parent":0,"menu_order":0,"comment_status":"closed","ping_status":"closed","template":"","meta":{"_themeisle_gutenberg_block_has_review":false,"footnotes":""},"class_list":["post-859","page","type-page","status-publish","hentry"],"_links":{"self":[{"href":"https:\/\/www.ldm-secretariat.fr\/index.php\/wp-json\/wp\/v2\/pages\/859","targetHints":{"allow":["GET"]}}],"collection":[{"href":"https:\/\/www.ldm-secretariat.fr\/index.php\/wp-json\/wp\/v2\/pages"}],"about":[{"href":"https:\/\/www.ldm-secretariat.fr\/index.php\/wp-json\/wp\/v2\/types\/page"}],"author":[{"embeddable":true,"href":"https:\/\/www.ldm-secretariat.fr\/index.php\/wp-json\/wp\/v2\/users\/1"}],"replies":[{"embeddable":true,"href":"https:\/\/www.ldm-secretariat.fr\/index.php\/wp-json\/wp\/v2\/comments?post=859"}],"version-history":[{"count":3,"href":"https:\/\/www.ldm-secretariat.fr\/index.php\/wp-json\/wp\/v2\/pages\/859\/revisions"}],"predecessor-version":[{"id":871,"href":"https:\/\/www.ldm-secretariat.fr\/index.php\/wp-json\/wp\/v2\/pages\/859\/revisions\/871"}],"wp:attachment":[{"href":"https:\/\/www.ldm-secretariat.fr\/index.php\/wp-json\/wp\/v2\/media?parent=859"}],"curies":[{"name":"wp","href":"https:\/\/api.w.org\/{rel}","templated":true}]}}