{"id":738,"date":"2025-08-11T17:04:45","date_gmt":"2025-08-11T15:04:45","guid":{"rendered":"https:\/\/www.ldm-secretariat.fr\/?page_id=738"},"modified":"2026-04-03T15:57:09","modified_gmt":"2026-04-03T13:57:09","slug":"738-2","status":"publish","type":"page","link":"https:\/\/www.ldm-secretariat.fr\/index.php\/738-2\/","title":{"rendered":""},"content":{"rendered":"\n<h2 class=\"wp-block-heading has-text-align-center has-custom-color-4-background-color has-background\" style=\"padding-top:0;padding-bottom:0\"><em>Professions juridiques<\/em><\/h2>\n\n\n\n<div id=\"wp-block-themeisle-blocks-timeline-e609e6df\" class=\"wp-block-themeisle-blocks-timeline\"><div class=\"o-timeline-root\">\n<div id=\"wp-block-themeisle-blocks-timeline-item-a85a1b2a\" class=\"wp-block-themeisle-blocks-timeline-item animated slideInRight\"><div class=\"o-timeline-container\"><div class=\"o-timeline-icon\"><i class=\"fas fa-bookmark\"><\/i><\/div><div class=\"o-timeline-content\">\n<p class=\"has-text-align-center has-custom-color-1-color has-text-color has-link-color has-artifika-font-family has-small-font-size wp-elements-3d1b1223442f7d6c445d9d81ba35e629\"><strong>Secr\u00e9tariat juridique <\/strong><\/p>\n\n\n\n<p class=\"has-text-align-center has-custom-color-2-color has-text-color has-link-color has-artifika-font-family has-small-font-size wp-elements-94025dcccd2a17dab9223e4d59d8be84\"><strong><em>25 \u20ac H.T \/ heure<\/em><\/strong><\/p>\n\n\n\n<p class=\"has-text-align-center has-custom-color-2-color has-text-color has-link-color has-artifika-font-family wp-elements-165e45591b78a24c5ba8d5e551daa25a\" style=\"font-size:18px\"><em>R\u00e9daction d&rsquo;actes (d\u00e9claration d&rsquo;appel, constitution, acte d&rsquo;acquiescement&#8230;), aide \u00e0 l&rsquo;ex\u00e9cution des d\u00e9cisions de justice (projets de mails et courriers, d\u00e9comptes d&rsquo;int\u00e9r\u00eats&#8230;), dossiers de plaidoirie, \u00e9tablissement de devis et factures, relances&#8230;.<\/em><\/p>\n<\/div><\/div><\/div>\n\n\n\n<div id=\"wp-block-themeisle-blocks-timeline-item-87f41952\" class=\"wp-block-themeisle-blocks-timeline-item animated slideInLeft\"><div class=\"o-timeline-container\"><div class=\"o-timeline-icon\"><i class=\"fas fa-bookmark\"><\/i><\/div><div class=\"o-timeline-content\">\n<p class=\"has-text-align-center has-custom-color-3-color has-text-color has-link-color has-artifika-font-family has-small-font-size wp-elements-24564c21ac726477361bdbb4e53d3b8f\"><strong>Transcription de fichiers audio<\/strong> <strong>au format Word<\/strong><\/p>\n\n\n\n<p class=\"has-text-align-center has-custom-color-4-color has-text-color has-link-color has-artifika-font-family has-small-font-size wp-elements-245d6280c9ece50308b07bfb673391f1\"><strong><em>2,50 \u20ac H.T \/ minute dict\u00e9e<\/em><\/strong><\/p>\n<\/div><\/div><\/div>\n\n\n\n<div id=\"wp-block-themeisle-blocks-timeline-item-32565d4c\" class=\"wp-block-themeisle-blocks-timeline-item animated slideInRight\"><div class=\"o-timeline-container\"><div class=\"o-timeline-icon\"><i class=\"fas fa-bookmark\"><\/i><\/div><div class=\"o-timeline-content\">\n<p class=\"has-text-align-center has-custom-color-1-color has-text-color has-link-color has-artifika-font-family has-small-font-size wp-elements-b9fd7f86765d3bb606fa1dfbbe9ba306\"><strong>Transcription de fichiers manuscrits ou scann\u00e9s au format Word<\/strong><\/p>\n\n\n\n<p class=\"has-text-align-center has-custom-color-2-color has-text-color has-link-color has-artifika-font-family wp-elements-2145c77821bc0fb399756ac554c383ce\"><strong><em>3 \u20ac H.T par page manuscrite ou scann\u00e9e<\/em><\/strong><\/p>\n<\/div><\/div><\/div>\n\n\n\n<div id=\"wp-block-themeisle-blocks-timeline-item-760119ee\" class=\"wp-block-themeisle-blocks-timeline-item animated slideInLeft\"><div class=\"o-timeline-container\"><div class=\"o-timeline-icon\"><i class=\"fas fa-bookmark\"><\/i><\/div><div class=\"o-timeline-content\">\n<p class=\"has-text-align-center has-custom-color-3-color has-text-color has-link-color has-artifika-font-family has-small-font-size wp-elements-9c13bd6e75d474ad6c04da23ba22e323\"><strong>Relecture et correction de documents<\/strong> <\/p>\n\n\n\n<p class=\"has-text-align-center has-custom-color-4-color has-text-color has-link-color has-artifika-font-family wp-elements-975e3a537aca9131f60a07e83aae03bc\"><strong><em>1,50 \u20ac H.T par page dactylographi\u00e9e<\/em><\/strong><\/p>\n<\/div><\/div><\/div>\n\n\n\n<div id=\"wp-block-themeisle-blocks-timeline-item-64e3b193\" class=\"wp-block-themeisle-blocks-timeline-item animated slideInRight\"><div class=\"o-timeline-container\"><div class=\"o-timeline-icon\"><i class=\"fas fa-bookmark\"><\/i><\/div><div class=\"o-timeline-content\">\n<p class=\"has-text-align-center has-custom-color-1-color has-text-color has-link-color has-artifika-font-family has-small-font-size wp-elements-a99fb7a7be64760151d8e466b1a8a272\"><strong>Num\u00e9risation de vos documents<\/strong><\/p>\n\n\n\n<p class=\"has-text-align-center has-custom-color-2-color has-text-color has-link-color has-artifika-font-family has-small-font-size wp-elements-1e822d5d6b609a9997fb2dd5004debd0\"><em><strong>Sur devis<\/strong><\/em><\/p>\n<\/div><\/div><\/div>\n<\/div><\/div>\n\n\n\n<div style=\"height:27px\" aria-hidden=\"true\" class=\"wp-block-spacer\"><\/div>\n","protected":false},"excerpt":{"rendered":"<p>Professions juridiques<\/p>\n","protected":false},"author":1,"featured_media":0,"parent":0,"menu_order":0,"comment_status":"closed","ping_status":"closed","template":"","meta":{"_themeisle_gutenberg_block_has_review":false,"footnotes":""},"class_list":["post-738","page","type-page","status-publish","hentry"],"_links":{"self":[{"href":"https:\/\/www.ldm-secretariat.fr\/index.php\/wp-json\/wp\/v2\/pages\/738","targetHints":{"allow":["GET"]}}],"collection":[{"href":"https:\/\/www.ldm-secretariat.fr\/index.php\/wp-json\/wp\/v2\/pages"}],"about":[{"href":"https:\/\/www.ldm-secretariat.fr\/index.php\/wp-json\/wp\/v2\/types\/page"}],"author":[{"embeddable":true,"href":"https:\/\/www.ldm-secretariat.fr\/index.php\/wp-json\/wp\/v2\/users\/1"}],"replies":[{"embeddable":true,"href":"https:\/\/www.ldm-secretariat.fr\/index.php\/wp-json\/wp\/v2\/comments?post=738"}],"version-history":[{"count":15,"href":"https:\/\/www.ldm-secretariat.fr\/index.php\/wp-json\/wp\/v2\/pages\/738\/revisions"}],"predecessor-version":[{"id":888,"href":"https:\/\/www.ldm-secretariat.fr\/index.php\/wp-json\/wp\/v2\/pages\/738\/revisions\/888"}],"wp:attachment":[{"href":"https:\/\/www.ldm-secretariat.fr\/index.php\/wp-json\/wp\/v2\/media?parent=738"}],"curies":[{"name":"wp","href":"https:\/\/api.w.org\/{rel}","templated":true}]}}